{"id":621,"date":"2021-07-23T09:41:37","date_gmt":"2021-07-23T07:41:37","guid":{"rendered":"https:\/\/cheminjm.fr\/services\/"},"modified":"2021-12-10T11:01:28","modified_gmt":"2021-12-10T10:01:28","slug":"services-jmc","status":"publish","type":"page","link":"https:\/\/cheminjm.fr\/en\/services-jmc\/","title":{"rendered":"Services jmc"},"content":{"rendered":"\t\t<div data-elementor-type=\"wp-page\" data-elementor-id=\"621\" class=\"elementor elementor-621\" data-elementor-post-type=\"page\">\n\t\t\t\t\t\t<section class=\"elementor-section elementor-top-section elementor-element elementor-element-6a24407 elementor-section-boxed elementor-section-height-default elementor-section-height-default\" data-id=\"6a24407\" data-element_type=\"section\">\n\t\t\t\t\t\t<div class=\"elementor-container elementor-column-gap-default\">\n\t\t\t\t\t<div class=\"elementor-column elementor-col-100 elementor-top-column elementor-element elementor-element-dc198f3\" data-id=\"dc198f3\" data-element_type=\"column\">\n\t\t\t<div class=\"elementor-widget-wrap elementor-element-populated\">\n\t\t\t\t\t\t<div class=\"elementor-element elementor-element-a3784e2 elementor-widget elementor-widget-spacer\" data-id=\"a3784e2\" data-element_type=\"widget\" data-widget_type=\"spacer.default\">\n\t\t\t\t<div class=\"elementor-widget-container\">\n\t\t\t\t\t\t\t<div class=\"elementor-spacer\">\n\t\t\t<div class=\"elementor-spacer-inner\"><\/div>\n\t\t<\/div>\n\t\t\t\t\t\t<\/div>\n\t\t\t\t<\/div>\n\t\t\t\t<div class=\"elementor-element elementor-element-4ecee35 elementor-widget elementor-widget-spacer\" data-id=\"4ecee35\" data-element_type=\"widget\" data-widget_type=\"spacer.default\">\n\t\t\t\t<div class=\"elementor-widget-container\">\n\t\t\t\t\t\t\t<div class=\"elementor-spacer\">\n\t\t\t<div class=\"elementor-spacer-inner\"><\/div>\n\t\t<\/div>\n\t\t\t\t\t\t<\/div>\n\t\t\t\t<\/div>\n\t\t\t\t<div class=\"elementor-element elementor-element-e2b2b78 elementor-widget elementor-widget-text-editor\" data-id=\"e2b2b78\" data-element_type=\"widget\" data-widget_type=\"text-editor.default\">\n\t\t\t\t<div class=\"elementor-widget-container\">\n\t\t\t\t\t\t\t\t\t<h5>With 12 years of experience in a communication agency and as a freelance graphic designer for more than 10 years, I produce all types of print and digital communication documents.<\/h5><h5>Among my clients are major accounts (IDEC Group, STG Group, GO Sport, Cr\u00e9dit Mutuel, &#8230;), companies (Toucan Immobilier, Pachamama Voyages, Mer &amp; Media, La Newsroom, Les Chemin\u00e9es Chamaillard, &#8230;) and associations (Ocean As Common, Porquerolles Yacht Club, &#8230;).<\/h5>\t\t\t\t\t\t\t\t<\/div>\n\t\t\t\t<\/div>\n\t\t\t\t<div class=\"elementor-element elementor-element-fd1faf8 elementor-widget elementor-widget-spacer\" data-id=\"fd1faf8\" data-element_type=\"widget\" data-widget_type=\"spacer.default\">\n\t\t\t\t<div class=\"elementor-widget-container\">\n\t\t\t\t\t\t\t<div class=\"elementor-spacer\">\n\t\t\t<div class=\"elementor-spacer-inner\"><\/div>\n\t\t<\/div>\n\t\t\t\t\t\t<\/div>\n\t\t\t\t<\/div>\n\t\t\t\t<div class=\"elementor-element elementor-element-4e226fb elementor-widget elementor-widget-text-editor\" data-id=\"4e226fb\" data-element_type=\"widget\" data-widget_type=\"text-editor.default\">\n\t\t\t\t<div class=\"elementor-widget-container\">\n\t\t\t\t\t\t\t\t\t<h4>Services<\/h4>\n<h6>Logotype creation, visual identity, stationery, illustration, poster, flyer, press insert, leaflet, brochure, catalog, magazine, newsletter, POS, signage, sign, covering, website, landing page, display campaign, application, Powerpoint presentation, digital magazine, &#8230;<\/h6>\n<p>An unlisted need?<\/p>\n<a href=\"https:\/\/cheminjm.fr\/en\/contact\/\">&gt; Contact me and let me know your request<\/a>\t\t\t\t\t\t\t\t<\/div>\n\t\t\t\t<\/div>\n\t\t\t\t<div class=\"elementor-element elementor-element-0fa7c84 elementor-widget elementor-widget-spacer\" data-id=\"0fa7c84\" data-element_type=\"widget\" data-widget_type=\"spacer.default\">\n\t\t\t\t<div class=\"elementor-widget-container\">\n\t\t\t\t\t\t\t<div class=\"elementor-spacer\">\n\t\t\t<div class=\"elementor-spacer-inner\"><\/div>\n\t\t<\/div>\n\t\t\t\t\t\t<\/div>\n\t\t\t\t<\/div>\n\t\t\t\t<div class=\"elementor-element elementor-element-67e4254 elementor-widget elementor-widget-text-editor\" data-id=\"67e4254\" data-element_type=\"widget\" data-widget_type=\"text-editor.default\">\n\t\t\t\t<div class=\"elementor-widget-container\">\n\t\t\t\t\t\t\t\t\t<h4>Team<\/h4><h6>In order to be able to respond perfectly to any request, I have partnered with experts in their respective fields (communication strategy, editorial, SEO, infrastructure, development, 3D, &#8230;).<\/h6><p><strong>Didier Caillon:<\/strong> IT expert web &amp; SIG<br \/><strong>Julien Kermarec:<\/strong> Expertise in iOS and Android application development (Ionic)<br \/><strong>Marie-Reine Davy:<\/strong> Communication strategy, editorial<br \/><strong>Olivier Guillou:<\/strong> SEO expert, web writing<br \/><strong>Nicolas Petit: <\/strong>Network and systems administration expert (web infrastructure specialist)<br \/><strong>Ranadeva Singh:<\/strong> Fashion, advertising and reportage photographer<br \/><strong>Herv\u00e9 Belay:<\/strong> 3D modeling-rendering-compositing expert<\/p>\t\t\t\t\t\t\t\t<\/div>\n\t\t\t\t<\/div>\n\t\t\t\t<div class=\"elementor-element elementor-element-825080a elementor-widget elementor-widget-spacer\" data-id=\"825080a\" data-element_type=\"widget\" data-widget_type=\"spacer.default\">\n\t\t\t\t<div class=\"elementor-widget-container\">\n\t\t\t\t\t\t\t<div class=\"elementor-spacer\">\n\t\t\t<div class=\"elementor-spacer-inner\"><\/div>\n\t\t<\/div>\n\t\t\t\t\t\t<\/div>\n\t\t\t\t<\/div>\n\t\t\t\t<div class=\"elementor-element elementor-element-c99a4f4 elementor-widget elementor-widget-text-editor\" data-id=\"c99a4f4\" data-element_type=\"widget\" data-widget_type=\"text-editor.default\">\n\t\t\t\t<div class=\"elementor-widget-container\">\n\t\t\t\t\t\t\t\t\t<h4>Need information?<\/h4><h6>You are a group, a company, an association or an individual, you like my work and want to call on my services:<\/h6>\t\t\t\t\t\t\t\t<\/div>\n\t\t\t\t<\/div>\n\t\t\t\t<div class=\"elementor-element elementor-element-129c4f1 pp-buttons-valign-middle pp-buttons-halign-left pp-buttons-stack-none elementor-widget elementor-widget-pp-buttons\" data-id=\"129c4f1\" data-element_type=\"widget\" data-widget_type=\"pp-buttons.default\">\n\t\t\t\t<div class=\"elementor-widget-container\">\n\t\t\t\t\t\t\t<div class=\"pp-buttons-group\">\n\t\t\t\t\t\t\t\t\t\t\t<a href=\"https:\/\/cheminjm.fr\/contact\/\" class=\"pp-button elementor-button elementor-size-md elementor-repeater-item-95a62cc \">\n\t\t\t\t\t<div class=\"pp-button-content-wrapper\">\n\t\t\t\t\t\t<span class=\"pp-button-content-inner pp-icon-before\">\n\t\t\t\t\t\t\t\t\t\t\t\t\t\t\t\t\t<span class=\"pp-button-icon pp-icon\">\n\t\t\t\t\t\t\t\t\t\t\t<i aria-hidden=\"true\" class=\"fas fa-comments\"><\/i>\t\t\t\t\t\t\t\t\t\t<\/span>\n\t\t\t\t\t\t\t\t\t\t\n\t\t\t\t\t\t\t\t<span class=\"pp-button-title\">\n\t\t\t\t\t\t\t\t\tContact me\t\t\t\t\t\t\t\t<\/span>\n\t\t\t\t\t\t\t\t\t\t\t\t\t<\/span>\n\t\t\t\t\t<\/div>\n\t\t\t\t<\/a>\n\t\t\t\t\t\t\t\t\t\t<\/div>\t\t\t\t<\/div>\n\t\t\t\t<\/div>\n\t\t\t\t<div class=\"elementor-element elementor-element-8ecd45b elementor-widget elementor-widget-spacer\" data-id=\"8ecd45b\" data-element_type=\"widget\" data-widget_type=\"spacer.default\">\n\t\t\t\t<div class=\"elementor-widget-container\">\n\t\t\t\t\t\t\t<div class=\"elementor-spacer\">\n\t\t\t<div class=\"elementor-spacer-inner\"><\/div>\n\t\t<\/div>\n\t\t\t\t\t\t<\/div>\n\t\t\t\t<\/div>\n\t\t\t\t\t<\/div>\n\t\t<\/div>\n\t\t\t\t\t<\/div>\n\t\t<\/section>\n\t\t\t\t<\/div>\n\t\t","protected":false},"excerpt":{"rendered":"<p>With 12 years of experience in a communication agency and as a freelance graphic designer for more than 10 years, I produce all types of print and digital communication documents. Among my clients are major accounts (IDEC Group, STG Group, GO Sport, Cr\u00e9dit Mutuel, &#8230;), companies (Toucan Immobilier, Pachamama Voyages, Mer &amp; Media, La Newsroom, [&hellip;]<\/p>\n","protected":false},"author":1,"featured_media":0,"parent":0,"menu_order":0,"comment_status":"closed","ping_status":"closed","template":"","meta":{"inline_featured_image":false,"footnotes":""},"class_list":["post-621","page","type-page","status-publish","hentry","isotope-item"],"yoast_head":"<!-- This site is optimized with the Yoast SEO plugin v26.5 - https:\/\/yoast.com\/wordpress\/plugins\/seo\/ -->\n<title>Services jmc - Jean-Michel Chemin<\/title>\n<meta name=\"robots\" content=\"index, follow, max-snippet:-1, max-image-preview:large, max-video-preview:-1\" \/>\n<link rel=\"canonical\" href=\"https:\/\/cheminjm.fr\/en\/services-jmc\/\" \/>\n<meta property=\"og:locale\" content=\"en_US\" \/>\n<meta property=\"og:type\" content=\"article\" \/>\n<meta property=\"og:title\" content=\"Services jmc - Jean-Michel Chemin\" \/>\n<meta property=\"og:description\" content=\"With 12 years of experience in a communication agency and as a freelance graphic designer for more than 10 years, I produce all types of print and digital communication documents. Among my clients are major accounts (IDEC Group, STG Group, GO Sport, Cr\u00e9dit Mutuel, &#8230;), companies (Toucan Immobilier, Pachamama Voyages, Mer &amp; Media, La Newsroom, [&hellip;]\" \/>\n<meta property=\"og:url\" content=\"https:\/\/cheminjm.fr\/en\/services-jmc\/\" \/>\n<meta property=\"og:site_name\" content=\"Jean-Michel Chemin\" \/>\n<meta property=\"article:modified_time\" content=\"2021-12-10T10:01:28+00:00\" \/>\n<meta name=\"twitter:card\" content=\"summary_large_image\" \/>\n<meta name=\"twitter:label1\" content=\"Est. reading time\" \/>\n\t<meta name=\"twitter:data1\" content=\"1 minute\" \/>\n<script type=\"application\/ld+json\" class=\"yoast-schema-graph\">{\"@context\":\"https:\/\/schema.org\",\"@graph\":[{\"@type\":\"WebPage\",\"@id\":\"https:\/\/cheminjm.fr\/en\/services-jmc\/\",\"url\":\"https:\/\/cheminjm.fr\/en\/services-jmc\/\",\"name\":\"Services jmc - Jean-Michel Chemin\",\"isPartOf\":{\"@id\":\"https:\/\/cheminjm.fr\/en\/#website\"},\"datePublished\":\"2021-07-23T07:41:37+00:00\",\"dateModified\":\"2021-12-10T10:01:28+00:00\",\"breadcrumb\":{\"@id\":\"https:\/\/cheminjm.fr\/en\/services-jmc\/#breadcrumb\"},\"inLanguage\":\"en-US\",\"potentialAction\":[{\"@type\":\"ReadAction\",\"target\":[\"https:\/\/cheminjm.fr\/en\/services-jmc\/\"]}]},{\"@type\":\"BreadcrumbList\",\"@id\":\"https:\/\/cheminjm.fr\/en\/services-jmc\/#breadcrumb\",\"itemListElement\":[{\"@type\":\"ListItem\",\"position\":1,\"name\":\"Home\",\"item\":\"https:\/\/cheminjm.fr\/en\/\"},{\"@type\":\"ListItem\",\"position\":2,\"name\":\"Services jmc\"}]},{\"@type\":\"WebSite\",\"@id\":\"https:\/\/cheminjm.fr\/en\/#website\",\"url\":\"https:\/\/cheminjm.fr\/en\/\",\"name\":\"Jean-Michel Chemin\",\"description\":\"Directeur artistique, Graphiste, Webdesigner, Chef de projet,... Install\u00e9 en ind\u00e9pendant \u00e0 Rennes. Cr\u00e9ation logo, charte graphique, identit\u00e9 visuelle, plaquette, catalogue, site internet, application,...\",\"potentialAction\":[{\"@type\":\"SearchAction\",\"target\":{\"@type\":\"EntryPoint\",\"urlTemplate\":\"https:\/\/cheminjm.fr\/en\/?s={search_term_string}\"},\"query-input\":{\"@type\":\"PropertyValueSpecification\",\"valueRequired\":true,\"valueName\":\"search_term_string\"}}],\"inLanguage\":\"en-US\"}]}<\/script>\n<!-- \/ Yoast SEO plugin. -->","yoast_head_json":{"title":"Services jmc - Jean-Michel Chemin","robots":{"index":"index","follow":"follow","max-snippet":"max-snippet:-1","max-image-preview":"max-image-preview:large","max-video-preview":"max-video-preview:-1"},"canonical":"https:\/\/cheminjm.fr\/en\/services-jmc\/","og_locale":"en_US","og_type":"article","og_title":"Services jmc - Jean-Michel Chemin","og_description":"With 12 years of experience in a communication agency and as a freelance graphic designer for more than 10 years, I produce all types of print and digital communication documents. Among my clients are major accounts (IDEC Group, STG Group, GO Sport, Cr\u00e9dit Mutuel, &#8230;), companies (Toucan Immobilier, Pachamama Voyages, Mer &amp; Media, La Newsroom, [&hellip;]","og_url":"https:\/\/cheminjm.fr\/en\/services-jmc\/","og_site_name":"Jean-Michel Chemin","article_modified_time":"2021-12-10T10:01:28+00:00","twitter_card":"summary_large_image","twitter_misc":{"Est. reading time":"1 minute"},"schema":{"@context":"https:\/\/schema.org","@graph":[{"@type":"WebPage","@id":"https:\/\/cheminjm.fr\/en\/services-jmc\/","url":"https:\/\/cheminjm.fr\/en\/services-jmc\/","name":"Services jmc - Jean-Michel Chemin","isPartOf":{"@id":"https:\/\/cheminjm.fr\/en\/#website"},"datePublished":"2021-07-23T07:41:37+00:00","dateModified":"2021-12-10T10:01:28+00:00","breadcrumb":{"@id":"https:\/\/cheminjm.fr\/en\/services-jmc\/#breadcrumb"},"inLanguage":"en-US","potentialAction":[{"@type":"ReadAction","target":["https:\/\/cheminjm.fr\/en\/services-jmc\/"]}]},{"@type":"BreadcrumbList","@id":"https:\/\/cheminjm.fr\/en\/services-jmc\/#breadcrumb","itemListElement":[{"@type":"ListItem","position":1,"name":"Home","item":"https:\/\/cheminjm.fr\/en\/"},{"@type":"ListItem","position":2,"name":"Services jmc"}]},{"@type":"WebSite","@id":"https:\/\/cheminjm.fr\/en\/#website","url":"https:\/\/cheminjm.fr\/en\/","name":"Jean-Michel Chemin","description":"Directeur artistique, Graphiste, Webdesigner, Chef de projet,... Install\u00e9 en ind\u00e9pendant \u00e0 Rennes. Cr\u00e9ation logo, charte graphique, identit\u00e9 visuelle, plaquette, catalogue, site internet, application,...","potentialAction":[{"@type":"SearchAction","target":{"@type":"EntryPoint","urlTemplate":"https:\/\/cheminjm.fr\/en\/?s={search_term_string}"},"query-input":{"@type":"PropertyValueSpecification","valueRequired":true,"valueName":"search_term_string"}}],"inLanguage":"en-US"}]}},"_links":{"self":[{"href":"https:\/\/cheminjm.fr\/en\/wp-json\/wp\/v2\/pages\/621","targetHints":{"allow":["GET"]}}],"collection":[{"href":"https:\/\/cheminjm.fr\/en\/wp-json\/wp\/v2\/pages"}],"about":[{"href":"https:\/\/cheminjm.fr\/en\/wp-json\/wp\/v2\/types\/page"}],"author":[{"embeddable":true,"href":"https:\/\/cheminjm.fr\/en\/wp-json\/wp\/v2\/users\/1"}],"replies":[{"embeddable":true,"href":"https:\/\/cheminjm.fr\/en\/wp-json\/wp\/v2\/comments?post=621"}],"version-history":[{"count":1,"href":"https:\/\/cheminjm.fr\/en\/wp-json\/wp\/v2\/pages\/621\/revisions"}],"predecessor-version":[{"id":1033,"href":"https:\/\/cheminjm.fr\/en\/wp-json\/wp\/v2\/pages\/621\/revisions\/1033"}],"wp:attachment":[{"href":"https:\/\/cheminjm.fr\/en\/wp-json\/wp\/v2\/media?parent=621"}],"curies":[{"name":"wp","href":"https:\/\/api.w.org\/{rel}","templated":true}]}}