{"id":1718,"date":"2021-07-24T11:35:20","date_gmt":"2021-07-24T09:35:20","guid":{"rendered":"https:\/\/cheminjm.fr\/politique-de-confidentialite\/"},"modified":"2023-04-21T09:35:25","modified_gmt":"2023-04-21T07:35:25","slug":"legal-notice-privacy-policy","status":"publish","type":"page","link":"https:\/\/cheminjm.fr\/en\/legal-notice-privacy-policy\/","title":{"rendered":"Legal notice &#8211; Privacy policy"},"content":{"rendered":"\t\t<div data-elementor-type=\"wp-page\" data-elementor-id=\"1718\" class=\"elementor elementor-1718 elementor-543\" data-elementor-post-type=\"page\">\n\t\t\t\t\t\t<section class=\"elementor-section elementor-top-section elementor-element elementor-element-6a24407 elementor-section-boxed elementor-section-height-default elementor-section-height-default\" data-id=\"6a24407\" data-element_type=\"section\">\n\t\t\t\t\t\t<div class=\"elementor-container elementor-column-gap-default\">\n\t\t\t\t\t<div class=\"elementor-column elementor-col-100 elementor-top-column elementor-element elementor-element-dc198f3\" data-id=\"dc198f3\" data-element_type=\"column\">\n\t\t\t<div class=\"elementor-widget-wrap elementor-element-populated\">\n\t\t\t\t\t\t<div class=\"elementor-element elementor-element-a3784e2 elementor-widget elementor-widget-spacer\" data-id=\"a3784e2\" data-element_type=\"widget\" data-widget_type=\"spacer.default\">\n\t\t\t\t<div class=\"elementor-widget-container\">\n\t\t\t\t\t\t\t<div class=\"elementor-spacer\">\n\t\t\t<div class=\"elementor-spacer-inner\"><\/div>\n\t\t<\/div>\n\t\t\t\t\t\t<\/div>\n\t\t\t\t<\/div>\n\t\t\t\t<div class=\"elementor-element elementor-element-4ecee35 elementor-widget elementor-widget-spacer\" data-id=\"4ecee35\" data-element_type=\"widget\" data-widget_type=\"spacer.default\">\n\t\t\t\t<div class=\"elementor-widget-container\">\n\t\t\t\t\t\t\t<div class=\"elementor-spacer\">\n\t\t\t<div class=\"elementor-spacer-inner\"><\/div>\n\t\t<\/div>\n\t\t\t\t\t\t<\/div>\n\t\t\t\t<\/div>\n\t\t\t\t<div class=\"elementor-element elementor-element-10fbb0d elementor-widget elementor-widget-heading\" data-id=\"10fbb0d\" data-element_type=\"widget\" id=\"references\" data-widget_type=\"heading.default\">\n\t\t\t\t<div class=\"elementor-widget-container\">\n\t\t\t\t\t<h3 class=\"elementor-heading-title elementor-size-default\">Mentions l\u00e9gales - Politique de confidentialit\u00e9<\/h3>\t\t\t\t<\/div>\n\t\t\t\t<\/div>\n\t\t\t\t<div class=\"elementor-element elementor-element-272b333 elementor-widget elementor-widget-spacer\" data-id=\"272b333\" data-element_type=\"widget\" data-widget_type=\"spacer.default\">\n\t\t\t\t<div class=\"elementor-widget-container\">\n\t\t\t\t\t\t\t<div class=\"elementor-spacer\">\n\t\t\t<div class=\"elementor-spacer-inner\"><\/div>\n\t\t<\/div>\n\t\t\t\t\t\t<\/div>\n\t\t\t\t<\/div>\n\t\t\t\t<div class=\"elementor-element elementor-element-09532e0 elementor-widget elementor-widget-text-editor\" data-id=\"09532e0\" data-element_type=\"widget\" data-widget_type=\"text-editor.default\">\n\t\t\t\t<div class=\"elementor-widget-container\">\n\t\t\t\t\t\t\t\t\t<p>Nom du site web : www.cheminjm.fr<br \/>Adresse : www.cheminjm.fr\u00a0<br \/>Propri\u00e9taire : Jean-Michel Chemin<br \/>Responsable de publication : Jean-Michel Chemin<\/p><p><b>Conception et r\u00e9alisation<\/b> : Jean-Michel Chemin<\/p><p><b>H\u00e9bergement<\/b>\u00a0: <br \/>OVH<br \/>2 rue Kellermann<br \/>59100 ROUBAIX \u2013 France<br \/>T\u00e9l : 1007<\/p><p><b>Conditions d\u2019utilisation<\/b><br \/>L\u2019utilisation du pr\u00e9sent site implique l\u2019acceptation pleine et enti\u00e8re des conditions g\u00e9n\u00e9rales d\u2019utilisation d\u00e9crites ci-apr\u00e8s. Ces conditions d\u2019utilisation sont susceptibles d\u2019\u00eatre modifi\u00e9es ou compl\u00e9t\u00e9es \u00e0 tout moment.<\/p><p><b>Informations<\/b><br \/>Les informations et documents du site sont pr\u00e9sent\u00e9s \u00e0 titre indicatif, ne rev\u00eatent pas un caract\u00e8re exhaustif, et ne peuvent engager la responsabilit\u00e9 du propri\u00e9taire du site.<br \/>Le propri\u00e9taire du site ne peut \u00eatre tenu responsable des dommages directs et indirects cons\u00e9cutifs \u00e0 l\u2019acc\u00e8s au site.<\/p><p><b>Propri\u00e9t\u00e9 intellectuelle<\/b><br \/>Sauf mention contraire, tous les \u00e9l\u00e9ments accessibles sur le site (textes, images, graphismes, logo, ic\u00f4nes, sons, logiciels, etc.) restent la propri\u00e9t\u00e9 exclusive de leurs auteurs, en ce qui concerne les droits de propri\u00e9t\u00e9 intellectuelle ou les droits d\u2019usage.<\/p><p>Toute reproduction, repr\u00e9sentation, modification, publication, adaptation de tout ou partie des \u00e9l\u00e9ments du site, quel que soit le moyen ou le proc\u00e9d\u00e9 utilis\u00e9, est interdite, sauf autorisation \u00e9crite pr\u00e9alable de l\u2019auteur.<\/p><p>Toute exploitation non autoris\u00e9e du site ou de l\u2019un quelconque des \u00e9l\u00e9ments qu\u2019il contient est consid\u00e9r\u00e9e comme constitutive d\u2019une contrefa\u00e7on et peut \u00eatre poursuivie en justice.<br \/>Les marques et logos reproduits sur le site sont d\u00e9pos\u00e9s par les soci\u00e9t\u00e9s qui en sont propri\u00e9taires.<\/p><p><b>Liens<\/b><br \/>Le propri\u00e9taire du site autorise les liens hypertextes vers l\u2019une des pages de ce site, \u00e0 condition que ceux-ci ouvrent une nouvelle fen\u00eatre et soient pr\u00e9sent\u00e9s de mani\u00e8re non \u00e9quivoque afin d\u2019\u00e9viter :<br \/>\u2022 tout risque de confusion entre le site citant et le propri\u00e9taire du site<br \/>\u2022 ainsi que toute pr\u00e9sentation tendancieuse, ou contraire aux lois en vigueur.<br \/>Le propri\u00e9taire du site se r\u00e9serve le droit de demander la suppression d\u2019un lien s\u2019il estime que le site source ne respecte pas les r\u00e8gles ainsi d\u00e9finies.<\/p><p><b>Confidentialit\u00e9<\/b><br \/>Tout utilisateur dispose d\u2019un droit d\u2019acc\u00e8s, de rectification et d\u2019opposition aux donn\u00e9es personnelles le concernant, en effectuant sa demande \u00e9crite et sign\u00e9e, accompagn\u00e9e d\u2019une preuve d\u2019identit\u00e9.<br \/>Le site ne recueille pas d\u2019informations personnelles, et n\u2019est pas assujetti \u00e0 d\u00e9claration \u00e0 la CNIL.<\/p><p>\u00a0<\/p>\t\t\t\t\t\t\t\t<\/div>\n\t\t\t\t<\/div>\n\t\t\t\t<div class=\"elementor-element elementor-element-8ecd45b elementor-widget elementor-widget-spacer\" data-id=\"8ecd45b\" data-element_type=\"widget\" data-widget_type=\"spacer.default\">\n\t\t\t\t<div class=\"elementor-widget-container\">\n\t\t\t\t\t\t\t<div class=\"elementor-spacer\">\n\t\t\t<div class=\"elementor-spacer-inner\"><\/div>\n\t\t<\/div>\n\t\t\t\t\t\t<\/div>\n\t\t\t\t<\/div>\n\t\t\t\t\t<\/div>\n\t\t<\/div>\n\t\t\t\t\t<\/div>\n\t\t<\/section>\n\t\t\t\t<\/div>\n\t\t","protected":false},"excerpt":{"rendered":"<p>Mentions l\u00e9gales &#8211; Politique de confidentialit\u00e9 Nom du site web : www.cheminjm.fr Adresse : www.cheminjm.fr Propri\u00e9taire : Jean-Michel Chemin Responsable de publication : Jean-Michel Chemin Conception et r\u00e9alisation : Jean-Michel Chemin H\u00e9bergement : OVH 2 rue Kellermann 59100 ROUBAIX \u2013 France T\u00e9l : 1007 Conditions d\u2019utilisation L\u2019utilisation du pr\u00e9sent site implique l\u2019acceptation pleine et enti\u00e8re [&hellip;]<\/p>\n","protected":false},"author":1,"featured_media":0,"parent":0,"menu_order":0,"comment_status":"closed","ping_status":"closed","template":"","meta":{"inline_featured_image":false,"footnotes":""},"class_list":["post-1718","page","type-page","status-publish","hentry","isotope-item"],"yoast_head":"<!-- This site is optimized with the Yoast SEO plugin v26.5 - https:\/\/yoast.com\/wordpress\/plugins\/seo\/ -->\n<title>Legal notice - Privacy policy - Jean-Michel Chemin<\/title>\n<meta name=\"robots\" content=\"index, follow, max-snippet:-1, max-image-preview:large, max-video-preview:-1\" \/>\n<link rel=\"canonical\" href=\"https:\/\/cheminjm.fr\/en\/legal-notice-privacy-policy\/\" \/>\n<meta property=\"og:locale\" content=\"en_US\" \/>\n<meta property=\"og:type\" content=\"article\" \/>\n<meta property=\"og:title\" content=\"Legal notice - Privacy policy - Jean-Michel Chemin\" \/>\n<meta property=\"og:description\" content=\"Mentions l\u00e9gales &#8211; Politique de confidentialit\u00e9 Nom du site web : www.cheminjm.fr Adresse : www.cheminjm.fr Propri\u00e9taire : Jean-Michel Chemin Responsable de publication : Jean-Michel Chemin Conception et r\u00e9alisation : Jean-Michel Chemin H\u00e9bergement : OVH 2 rue Kellermann 59100 ROUBAIX \u2013 France T\u00e9l : 1007 Conditions d\u2019utilisation L\u2019utilisation du pr\u00e9sent site implique l\u2019acceptation pleine et enti\u00e8re [&hellip;]\" \/>\n<meta property=\"og:url\" content=\"https:\/\/cheminjm.fr\/en\/legal-notice-privacy-policy\/\" \/>\n<meta property=\"og:site_name\" content=\"Jean-Michel Chemin\" \/>\n<meta property=\"article:modified_time\" content=\"2023-04-21T07:35:25+00:00\" \/>\n<meta name=\"twitter:card\" content=\"summary_large_image\" \/>\n<meta name=\"twitter:label1\" content=\"Est. reading time\" \/>\n\t<meta name=\"twitter:data1\" content=\"2 minutes\" \/>\n<script type=\"application\/ld+json\" class=\"yoast-schema-graph\">{\"@context\":\"https:\/\/schema.org\",\"@graph\":[{\"@type\":\"WebPage\",\"@id\":\"https:\/\/cheminjm.fr\/en\/legal-notice-privacy-policy\/\",\"url\":\"https:\/\/cheminjm.fr\/en\/legal-notice-privacy-policy\/\",\"name\":\"Legal notice - Privacy policy - Jean-Michel Chemin\",\"isPartOf\":{\"@id\":\"https:\/\/cheminjm.fr\/en\/#website\"},\"datePublished\":\"2021-07-24T09:35:20+00:00\",\"dateModified\":\"2023-04-21T07:35:25+00:00\",\"breadcrumb\":{\"@id\":\"https:\/\/cheminjm.fr\/en\/legal-notice-privacy-policy\/#breadcrumb\"},\"inLanguage\":\"en-US\",\"potentialAction\":[{\"@type\":\"ReadAction\",\"target\":[\"https:\/\/cheminjm.fr\/en\/legal-notice-privacy-policy\/\"]}]},{\"@type\":\"BreadcrumbList\",\"@id\":\"https:\/\/cheminjm.fr\/en\/legal-notice-privacy-policy\/#breadcrumb\",\"itemListElement\":[{\"@type\":\"ListItem\",\"position\":1,\"name\":\"Home\",\"item\":\"https:\/\/cheminjm.fr\/en\/\"},{\"@type\":\"ListItem\",\"position\":2,\"name\":\"Legal notice &#8211; Privacy policy\"}]},{\"@type\":\"WebSite\",\"@id\":\"https:\/\/cheminjm.fr\/en\/#website\",\"url\":\"https:\/\/cheminjm.fr\/en\/\",\"name\":\"Jean-Michel Chemin\",\"description\":\"Directeur artistique, Graphiste, Webdesigner, Chef de projet,... Install\u00e9 en ind\u00e9pendant \u00e0 Rennes. Cr\u00e9ation logo, charte graphique, identit\u00e9 visuelle, plaquette, catalogue, site internet, application,...\",\"potentialAction\":[{\"@type\":\"SearchAction\",\"target\":{\"@type\":\"EntryPoint\",\"urlTemplate\":\"https:\/\/cheminjm.fr\/en\/?s={search_term_string}\"},\"query-input\":{\"@type\":\"PropertyValueSpecification\",\"valueRequired\":true,\"valueName\":\"search_term_string\"}}],\"inLanguage\":\"en-US\"}]}<\/script>\n<!-- \/ Yoast SEO plugin. -->","yoast_head_json":{"title":"Legal notice - Privacy policy - Jean-Michel Chemin","robots":{"index":"index","follow":"follow","max-snippet":"max-snippet:-1","max-image-preview":"max-image-preview:large","max-video-preview":"max-video-preview:-1"},"canonical":"https:\/\/cheminjm.fr\/en\/legal-notice-privacy-policy\/","og_locale":"en_US","og_type":"article","og_title":"Legal notice - Privacy policy - Jean-Michel Chemin","og_description":"Mentions l\u00e9gales &#8211; Politique de confidentialit\u00e9 Nom du site web : www.cheminjm.fr Adresse : www.cheminjm.fr Propri\u00e9taire : Jean-Michel Chemin Responsable de publication : Jean-Michel Chemin Conception et r\u00e9alisation : Jean-Michel Chemin H\u00e9bergement : OVH 2 rue Kellermann 59100 ROUBAIX \u2013 France T\u00e9l : 1007 Conditions d\u2019utilisation L\u2019utilisation du pr\u00e9sent site implique l\u2019acceptation pleine et enti\u00e8re [&hellip;]","og_url":"https:\/\/cheminjm.fr\/en\/legal-notice-privacy-policy\/","og_site_name":"Jean-Michel Chemin","article_modified_time":"2023-04-21T07:35:25+00:00","twitter_card":"summary_large_image","twitter_misc":{"Est. reading time":"2 minutes"},"schema":{"@context":"https:\/\/schema.org","@graph":[{"@type":"WebPage","@id":"https:\/\/cheminjm.fr\/en\/legal-notice-privacy-policy\/","url":"https:\/\/cheminjm.fr\/en\/legal-notice-privacy-policy\/","name":"Legal notice - Privacy policy - Jean-Michel Chemin","isPartOf":{"@id":"https:\/\/cheminjm.fr\/en\/#website"},"datePublished":"2021-07-24T09:35:20+00:00","dateModified":"2023-04-21T07:35:25+00:00","breadcrumb":{"@id":"https:\/\/cheminjm.fr\/en\/legal-notice-privacy-policy\/#breadcrumb"},"inLanguage":"en-US","potentialAction":[{"@type":"ReadAction","target":["https:\/\/cheminjm.fr\/en\/legal-notice-privacy-policy\/"]}]},{"@type":"BreadcrumbList","@id":"https:\/\/cheminjm.fr\/en\/legal-notice-privacy-policy\/#breadcrumb","itemListElement":[{"@type":"ListItem","position":1,"name":"Home","item":"https:\/\/cheminjm.fr\/en\/"},{"@type":"ListItem","position":2,"name":"Legal notice &#8211; Privacy policy"}]},{"@type":"WebSite","@id":"https:\/\/cheminjm.fr\/en\/#website","url":"https:\/\/cheminjm.fr\/en\/","name":"Jean-Michel Chemin","description":"Directeur artistique, Graphiste, Webdesigner, Chef de projet,... Install\u00e9 en ind\u00e9pendant \u00e0 Rennes. Cr\u00e9ation logo, charte graphique, identit\u00e9 visuelle, plaquette, catalogue, site internet, application,...","potentialAction":[{"@type":"SearchAction","target":{"@type":"EntryPoint","urlTemplate":"https:\/\/cheminjm.fr\/en\/?s={search_term_string}"},"query-input":{"@type":"PropertyValueSpecification","valueRequired":true,"valueName":"search_term_string"}}],"inLanguage":"en-US"}]}},"_links":{"self":[{"href":"https:\/\/cheminjm.fr\/en\/wp-json\/wp\/v2\/pages\/1718","targetHints":{"allow":["GET"]}}],"collection":[{"href":"https:\/\/cheminjm.fr\/en\/wp-json\/wp\/v2\/pages"}],"about":[{"href":"https:\/\/cheminjm.fr\/en\/wp-json\/wp\/v2\/types\/page"}],"author":[{"embeddable":true,"href":"https:\/\/cheminjm.fr\/en\/wp-json\/wp\/v2\/users\/1"}],"replies":[{"embeddable":true,"href":"https:\/\/cheminjm.fr\/en\/wp-json\/wp\/v2\/comments?post=1718"}],"version-history":[{"count":1,"href":"https:\/\/cheminjm.fr\/en\/wp-json\/wp\/v2\/pages\/1718\/revisions"}],"predecessor-version":[{"id":1719,"href":"https:\/\/cheminjm.fr\/en\/wp-json\/wp\/v2\/pages\/1718\/revisions\/1719"}],"wp:attachment":[{"href":"https:\/\/cheminjm.fr\/en\/wp-json\/wp\/v2\/media?parent=1718"}],"curies":[{"name":"wp","href":"https:\/\/api.w.org\/{rel}","templated":true}]}}